{"id":4839,"date":"2025-01-29T08:32:25","date_gmt":"2025-01-29T06:32:25","guid":{"rendered":"https:\/\/new.kik.swiss\/contattaci\/"},"modified":"2025-07-10T09:43:36","modified_gmt":"2025-07-10T07:43:36","slug":"contattaci","status":"publish","type":"page","link":"https:\/\/www.kik.swiss\/it-ch\/contattaci\/","title":{"rendered":"Contattaci"},"content":{"rendered":"\t\t<div data-elementor-type=\"wp-page\" data-elementor-id=\"4839\" class=\"elementor elementor-4839 elementor-422\" data-elementor-post-type=\"page\">\n\t\t\t\t<div class=\"elementor-element elementor-element-70bb4279 e-flex e-con-boxed e-con e-parent\" data-id=\"70bb4279\" data-element_type=\"container\">\n\t\t\t\t\t<div class=\"e-con-inner\">\n\t\t<div class=\"elementor-element elementor-element-4e603c36 e-con-full e-flex e-con e-child\" data-id=\"4e603c36\" data-element_type=\"container\">\n\t\t\t\t<div class=\"elementor-element elementor-element-52743e03 elementor-widget elementor-widget-heading\" data-id=\"52743e03\" data-element_type=\"widget\" data-widget_type=\"heading.default\">\n\t\t\t\t<div class=\"elementor-widget-container\">\n\t\t\t\t\t<h1 class=\"elementor-heading-title elementor-size-default\">Contattaci<\/h1>\t\t\t\t<\/div>\n\t\t\t\t<\/div>\n\t\t\t\t<div class=\"elementor-element elementor-element-33110d8f elementor-widget elementor-widget-heading\" data-id=\"33110d8f\" data-element_type=\"widget\" data-widget_type=\"heading.default\">\n\t\t\t\t<div class=\"elementor-widget-container\">\n\t\t\t\t\t<h2 class=\"elementor-heading-title elementor-size-default\">Come raggiungerci in qualsiasi momento<\/h2>\t\t\t\t<\/div>\n\t\t\t\t<\/div>\n\t\t\t\t<div data-dce-text-color=\"#000000\" class=\"elementor-element elementor-element-48b38a02 elementor-icon-list--layout-inline elementor-align-center elementor-list-item-link-full_width elementor-widget elementor-widget-icon-list\" data-id=\"48b38a02\" data-element_type=\"widget\" data-widget_type=\"icon-list.default\">\n\t\t\t\t<div class=\"elementor-widget-container\">\n\t\t\t\t\t\t\t<ul class=\"elementor-icon-list-items elementor-inline-items\">\n\t\t\t\t\t\t\t<li class=\"elementor-icon-list-item elementor-inline-item\">\n\t\t\t\t\t\t\t\t\t\t\t<a href=\"tel:080019998832\">\n\n\t\t\t\t\t\t\t\t\t\t\t\t<span class=\"elementor-icon-list-icon\">\n\t\t\t\t\t\t\t<svg aria-hidden=\"true\" class=\"e-font-icon-svg e-fas-phone-alt\" viewBox=\"0 0 512 512\" xmlns=\"http:\/\/www.w3.org\/2000\/svg\"><path d=\"M497.39 361.8l-112-48a24 24 0 0 0-28 6.9l-49.6 60.6A370.66 370.66 0 0 1 130.6 204.11l60.6-49.6a23.94 23.94 0 0 0 6.9-28l-48-112A24.16 24.16 0 0 0 122.6.61l-104 24A24 24 0 0 0 0 48c0 256.5 207.9 464 464 464a24 24 0 0 0 23.4-18.6l24-104a24.29 24.29 0 0 0-14.01-27.6z\"><\/path><\/svg>\t\t\t\t\t\t<\/span>\n\t\t\t\t\t\t\t\t\t\t<span class=\"elementor-icon-list-text\">00800 1999 8832<\/span>\n\t\t\t\t\t\t\t\t\t\t\t<\/a>\n\t\t\t\t\t\t\t\t\t<\/li>\n\t\t\t\t\t\t\t\t<li class=\"elementor-icon-list-item elementor-inline-item\">\n\t\t\t\t\t\t\t\t\t\t\t<a href=\"mailto:info@martec.swiss?subject=Anfrage\">\n\n\t\t\t\t\t\t\t\t\t\t\t\t<span class=\"elementor-icon-list-icon\">\n\t\t\t\t\t\t\t<svg aria-hidden=\"true\" class=\"e-font-icon-svg e-fas-envelope\" viewBox=\"0 0 512 512\" xmlns=\"http:\/\/www.w3.org\/2000\/svg\"><path d=\"M502.3 190.8c3.9-3.1 9.7-.2 9.7 4.7V400c0 26.5-21.5 48-48 48H48c-26.5 0-48-21.5-48-48V195.6c0-5 5.7-7.8 9.7-4.7 22.4 17.4 52.1 39.5 154.1 113.6 21.1 15.4 56.7 47.8 92.2 47.6 35.7.3 72-32.8 92.3-47.6 102-74.1 131.6-96.3 154-113.7zM256 320c23.2.4 56.6-29.2 73.4-41.4 132.7-96.3 142.8-104.7 173.4-128.7 5.8-4.5 9.2-11.5 9.2-18.9v-19c0-26.5-21.5-48-48-48H48C21.5 64 0 85.5 0 112v19c0 7.4 3.4 14.3 9.2 18.9 30.6 23.9 40.7 32.4 173.4 128.7 16.8 12.2 50.2 41.8 73.4 41.4z\"><\/path><\/svg>\t\t\t\t\t\t<\/span>\n\t\t\t\t\t\t\t\t\t\t<span class=\"elementor-icon-list-text\">info@martec.swiss<\/span>\n\t\t\t\t\t\t\t\t\t\t\t<\/a>\n\t\t\t\t\t\t\t\t\t<\/li>\n\t\t\t\t\t\t<\/ul>\n\t\t\t\t\t\t<\/div>\n\t\t\t\t<\/div>\n\t\t\t\t<div class=\"elementor-element elementor-element-34a9be27 elementor-widget elementor-widget-text-editor\" data-id=\"34a9be27\" data-element_type=\"widget\" data-widget_type=\"text-editor.default\">\n\t\t\t\t<div class=\"elementor-widget-container\">\n\t\t\t\t\t\t\t\t\t<p>Dal luned\u00ec al gioved\u00ec<br \/>09:30 &#8211; 11:30 e 14:30 &#8211; 16:30<\/p>\n<p>Venerd\u00ec<br \/>09:30 &#8211; 11:30<\/p>\n\t\t\t\t\t\t\t\t<\/div>\n\t\t\t\t<\/div>\n\t\t\t\t<div class=\"elementor-element elementor-element-ebc5be2 elementor-widget-divider--view-line elementor-widget elementor-widget-divider\" data-id=\"ebc5be2\" data-element_type=\"widget\" data-widget_type=\"divider.default\">\n\t\t\t\t<div class=\"elementor-widget-container\">\n\t\t\t\t\t\t\t<div class=\"elementor-divider\">\n\t\t\t<span class=\"elementor-divider-separator\">\n\t\t\t\t\t\t<\/span>\n\t\t<\/div>\n\t\t\t\t\t\t<\/div>\n\t\t\t\t<\/div>\n\t\t\t\t<div class=\"elementor-element elementor-element-7a376560 elementor-widget elementor-widget-heading\" data-id=\"7a376560\" data-element_type=\"widget\" data-widget_type=\"heading.default\">\n\t\t\t\t<div class=\"elementor-widget-container\">\n\t\t\t\t\t<p class=\"elementor-heading-title elementor-size-default\">kik \u00e8 un marchio della<\/p>\t\t\t\t<\/div>\n\t\t\t\t<\/div>\n\t\t<div class=\"elementor-element elementor-element-7264e190 e-con-full e-flex e-con e-child\" data-id=\"7264e190\" data-element_type=\"container\">\n\t\t<div class=\"elementor-element elementor-element-7ad01f25 e-con-full e-flex e-con e-child\" data-id=\"7ad01f25\" data-element_type=\"container\">\n\t\t\t\t<div class=\"elementor-element elementor-element-74e73bd dce_masking-none elementor-widget elementor-widget-image\" data-id=\"74e73bd\" data-element_type=\"widget\" data-widget_type=\"image.default\">\n\t\t\t\t<div class=\"elementor-widget-container\">\n\t\t\t\t\t\t\t\t\t\t\t\t\t\t\t\t<a href=\"https:\/\/martec.swiss\" target=\"_blank\" rel=\"noopener\">\n\t\t\t\t\t\t\t<img fetchpriority=\"high\" decoding=\"async\" width=\"600\" height=\"210\" src=\"https:\/\/www.kik.swiss\/wp-content\/uploads\/sites\/2\/2025\/01\/martec-1.png\" class=\"attachment-large size-large wp-image-3348\" alt=\"\" srcset=\"https:\/\/www.kik.swiss\/wp-content\/uploads\/sites\/2\/2025\/01\/martec-1.png 600w, https:\/\/www.kik.swiss\/wp-content\/uploads\/sites\/2\/2025\/01\/martec-1-300x105.png 300w\" sizes=\"(max-width: 600px) 100vw, 600px\" \/>\t\t\t\t\t\t\t\t<\/a>\n\t\t\t\t\t\t\t\t\t\t\t\t\t\t\t<\/div>\n\t\t\t\t<\/div>\n\t\t\t\t<\/div>\n\t\t<div class=\"elementor-element elementor-element-22f25dd6 e-con-full e-flex e-con e-child\" data-id=\"22f25dd6\" data-element_type=\"container\">\n\t\t\t\t<div class=\"elementor-element elementor-element-50f3befa elementor-widget elementor-widget-text-editor\" data-id=\"50f3befa\" data-element_type=\"widget\" data-widget_type=\"text-editor.default\">\n\t\t\t\t<div class=\"elementor-widget-container\">\n\t\t\t\t\t\t\t\t\t<p>Martec Handels AG<br \/>Samstagernstrasse 45<br \/>CH-8832 Wollerau<\/p>\n\t\t\t\t\t\t\t\t<\/div>\n\t\t\t\t<\/div>\n\t\t\t\t<\/div>\n\t\t<div class=\"elementor-element elementor-element-4836af3d e-con-full e-flex e-con e-child\" data-id=\"4836af3d\" data-element_type=\"container\">\n\t\t\t\t<div class=\"elementor-element elementor-element-53835bed elementor-widget elementor-widget-text-editor\" data-id=\"53835bed\" data-element_type=\"widget\" data-widget_type=\"text-editor.default\">\n\t\t\t\t<div class=\"elementor-widget-container\">\n\t\t\t\t\t\t\t\t\t<p>Martec Europa GmbH<br \/>Turmstrasse 11<br \/>DE-78467 Konstanz<\/p>\n\t\t\t\t\t\t\t\t<\/div>\n\t\t\t\t<\/div>\n\t\t\t\t<\/div>\n\t\t\t\t<\/div>\n\t\t\t\t<\/div>\n\t\t\t\t\t<\/div>\n\t\t\t\t<\/div>\n\t\t\t\t<\/div>\n\t\t","protected":false},"excerpt":{"rendered":"<p>Contattaci Come raggiungerci in qualsiasi momento 00800 1999 8832 info@martec.swiss Dal luned\u00ec al gioved\u00ec09:30 &#8211; 11:30 e 14:30 &#8211; 16:30 Venerd\u00ec09:30 &#8211; 11:30 kik \u00e8 un marchio della Martec Handels AGSamstagernstrasse 45CH-8832 Wollerau Martec Europa GmbHTurmstrasse 11DE-78467 Konstanz<\/p>\n","protected":false},"author":13,"featured_media":0,"parent":0,"menu_order":0,"comment_status":"closed","ping_status":"closed","template":"elementor_header_footer","meta":{"_acf_changed":false,"inline_featured_image":false,"footnotes":""},"class_list":["post-4839","page","type-page","status-publish","hentry"],"acf":[],"_links":{"self":[{"href":"https:\/\/www.kik.swiss\/it-ch\/wp-json\/wp\/v2\/pages\/4839","targetHints":{"allow":["GET"]}}],"collection":[{"href":"https:\/\/www.kik.swiss\/it-ch\/wp-json\/wp\/v2\/pages"}],"about":[{"href":"https:\/\/www.kik.swiss\/it-ch\/wp-json\/wp\/v2\/types\/page"}],"author":[{"embeddable":true,"href":"https:\/\/www.kik.swiss\/it-ch\/wp-json\/wp\/v2\/users\/13"}],"replies":[{"embeddable":true,"href":"https:\/\/www.kik.swiss\/it-ch\/wp-json\/wp\/v2\/comments?post=4839"}],"version-history":[{"count":7,"href":"https:\/\/www.kik.swiss\/it-ch\/wp-json\/wp\/v2\/pages\/4839\/revisions"}],"predecessor-version":[{"id":8989,"href":"https:\/\/www.kik.swiss\/it-ch\/wp-json\/wp\/v2\/pages\/4839\/revisions\/8989"}],"wp:attachment":[{"href":"https:\/\/www.kik.swiss\/it-ch\/wp-json\/wp\/v2\/media?parent=4839"}],"curies":[{"name":"wp","href":"https:\/\/api.w.org\/{rel}","templated":true}]}}