{"id":4824,"date":"2025-01-29T08:32:24","date_gmt":"2025-01-29T06:32:24","guid":{"rendered":"https:\/\/new.kik.swiss\/mentions-legales\/"},"modified":"2025-04-16T21:43:17","modified_gmt":"2025-04-16T19:43:17","slug":"mentions-legales","status":"publish","type":"page","link":"https:\/\/www.kik.swiss\/fr-ch\/mentions-legales\/","title":{"rendered":"Mentions l\u00e9gales"},"content":{"rendered":"\t\t<div data-elementor-type=\"wp-page\" data-elementor-id=\"4824\" class=\"elementor elementor-4824 elementor-410\" data-elementor-post-type=\"page\">\n\t\t\t\t<div class=\"elementor-element elementor-element-1fed0ff2 e-flex e-con-boxed e-con e-parent\" data-id=\"1fed0ff2\" data-element_type=\"container\">\n\t\t\t\t\t<div class=\"e-con-inner\">\n\t\t<div class=\"elementor-element elementor-element-15d7f180 e-con-full e-flex e-con e-child\" data-id=\"15d7f180\" data-element_type=\"container\">\n\t\t\t\t<div class=\"elementor-element elementor-element-54337aed elementor-widget elementor-widget-heading\" data-id=\"54337aed\" data-element_type=\"widget\" data-widget_type=\"heading.default\">\n\t\t\t\t<div class=\"elementor-widget-container\">\n\t\t\t\t\t<h1 class=\"elementor-heading-title elementor-size-default\">Mentions l\u00e9gales<\/h1>\t\t\t\t<\/div>\n\t\t\t\t<\/div>\n\t\t\t\t<div class=\"elementor-element elementor-element-57e93f36 elementor-widget-divider--view-line elementor-widget elementor-widget-divider\" data-id=\"57e93f36\" data-element_type=\"widget\" data-widget_type=\"divider.default\">\n\t\t\t\t<div class=\"elementor-widget-container\">\n\t\t\t\t\t\t\t<div class=\"elementor-divider\">\n\t\t\t<span class=\"elementor-divider-separator\">\n\t\t\t\t\t\t<\/span>\n\t\t<\/div>\n\t\t\t\t\t\t<\/div>\n\t\t\t\t<\/div>\n\t\t\t\t<div class=\"elementor-element elementor-element-75798874 elementor-widget elementor-widget-text-editor\" data-id=\"75798874\" data-element_type=\"widget\" data-widget_type=\"text-editor.default\">\n\t\t\t\t<div class=\"elementor-widget-container\">\n\t\t\t\t\t\t\t\t\t<p>Le contenu de ce site web &#8211; www.kik.swiss &#8211; ainsi que les produits propos\u00e9s sont de la responsabilit\u00e9 de l&#8217;entreprise :<\/p>\n<p>Martec Handels AG<br>Samstagernstrasse 45<br>CH-8832 Wollerau<br>T\u00e9l. : +41 44 783 95 30<br>info@martec.swiss<\/p>\t\t\t\t\t\t\t\t<\/div>\n\t\t\t\t<\/div>\n\t\t\t\t<\/div>\n\t\t\t\t\t<\/div>\n\t\t\t\t<\/div>\n\t\t\t\t<\/div>\n\t\t","protected":false},"excerpt":{"rendered":"<p>Mentions l\u00e9gales Le contenu de ce site web &#8211; www.kik.swiss &#8211; ainsi que les produits propos\u00e9s sont de la responsabilit\u00e9 de l&#8217;entreprise : Martec Handels AGSamstagernstrasse 45CH-8832 WollerauT\u00e9l. : +41 44 783 95 30info@martec.swiss<\/p>\n","protected":false},"author":13,"featured_media":0,"parent":0,"menu_order":0,"comment_status":"closed","ping_status":"closed","template":"","meta":{"_acf_changed":false,"inline_featured_image":false,"footnotes":""},"class_list":["post-4824","page","type-page","status-publish","hentry"],"acf":[],"_links":{"self":[{"href":"https:\/\/www.kik.swiss\/fr-ch\/wp-json\/wp\/v2\/pages\/4824","targetHints":{"allow":["GET"]}}],"collection":[{"href":"https:\/\/www.kik.swiss\/fr-ch\/wp-json\/wp\/v2\/pages"}],"about":[{"href":"https:\/\/www.kik.swiss\/fr-ch\/wp-json\/wp\/v2\/types\/page"}],"author":[{"embeddable":true,"href":"https:\/\/www.kik.swiss\/fr-ch\/wp-json\/wp\/v2\/users\/13"}],"replies":[{"embeddable":true,"href":"https:\/\/www.kik.swiss\/fr-ch\/wp-json\/wp\/v2\/comments?post=4824"}],"version-history":[{"count":4,"href":"https:\/\/www.kik.swiss\/fr-ch\/wp-json\/wp\/v2\/pages\/4824\/revisions"}],"predecessor-version":[{"id":6708,"href":"https:\/\/www.kik.swiss\/fr-ch\/wp-json\/wp\/v2\/pages\/4824\/revisions\/6708"}],"wp:attachment":[{"href":"https:\/\/www.kik.swiss\/fr-ch\/wp-json\/wp\/v2\/media?parent=4824"}],"curies":[{"name":"wp","href":"https:\/\/api.w.org\/{rel}","templated":true}]}}